{"id":863,"date":"2024-07-31T16:02:49","date_gmt":"2024-07-31T14:02:49","guid":{"rendered":"http:\/\/jdc.sb-web-consulting.fr\/?page_id=863"},"modified":"2025-12-08T08:44:37","modified_gmt":"2025-12-08T07:44:37","slug":"inscription-et-tarifs","status":"publish","type":"page","link":"https:\/\/jeanne-darc-colombes.com\/v2\/inscription-et-tarifs\/","title":{"rendered":"Inscription et tarifs"},"content":{"rendered":"\n<p><\/p>\n\n\n\n<div class=\"wp-block-group\"><div class=\"wp-block-group__inner-container is-layout-constrained wp-block-group-is-layout-constrained\">\n<p><!-- \u2705 Contr\u00f4le global centralis\u00e9 --><br \/><!-- Conteneur du pop-up g\u00e9n\u00e9ral --><\/p>\n<h2 style=\"margin-top: 15px; font-size: 18px; color: #555555; text-align: center;\"><strong>Pr\u00e9-inscriptions 2026-2027<\/strong><button style=\"display: block; margin: 20px auto 0; padding: 15px 30px; font-size: 16px; font-weight: bold; background: #65CD67; color: white; border: none; border-radius: 8px; cursor: pointer; transition: background 0.3s;\"><\/button><\/h2>\n<h1 style=\"margin-top: 15px; font-size: 18px; color: #555555; text-align: center;\">Les demandes de Pr\u00e9-inscription \u00c9cole, Coll\u00e8ge (sauf SEGPA), Lyc\u00e9e (sauf Technologique) sont closes<\/h1>\n<h2 style=\"margin-top: 15px; font-size: 18px; color: #555555; text-align: center;\">Demande de Pr\u00e9-inscription<\/h2>\n<p>\u00a0<\/p>\n<p style=\"text-align: center;\"><strong>Rentr\u00e9e septembre 2027<\/strong><\/p>\n<p style=\"text-align: center;\">\u00c9cole &#8211; Coll\u00e8ge &#8211; Lyc\u00e9e<\/p>\n<p style=\"text-align: center;\"><strong>Ouverture \u00e0 partir du 02 octobre 2026 selon la proc\u00e9dure ci-dessous<\/strong> :<\/p>\n<details id=\"titre-etape\" open=\"open\">\n<summary tabindex=\"0\" data-accordion-index=\"1\" aria-expanded=\"true\" aria-controls=\"titre-etape\"><strong>\u00c9tape 1 &#8211; Paiement des frais de dossier :\u00a0<\/strong><\/summary>\n<p>Veuillez proc\u00e9der au paiement en ligne des frais de dossier de 50 euros via le bouton ci-dessous avant de poursuivre les d\u00e9marches (le justificatif de paiement vous sera demand\u00e9 \u00e0 l&rsquo;\u00e9tape 2).<\/p>\n<p>\u00a0<a href=\"https:\/\/sogecommerce.societegenerale.eu\/vads-site\/OGEC_JEANNE_D_ARC?lck_vads_amount=50\" target=\"_blank\" rel=\"noopener\">Paiement<\/a><\/p>\n<\/details><details id=\"titre-etape\" open=\"open\">\n<summary tabindex=\"-1\" data-accordion-index=\"2\" aria-expanded=\"false\" aria-controls=\"titre-etape\"><strong>\u00c9tape 2 &#8211; Pr\u00e9-inscription num\u00e9rique :<\/strong><\/summary>\n<p>Faire la pr\u00e9-inscription num\u00e9rique en remplissant le formulaire en ligne en <strong>MAJUSCULE<\/strong> (sans accent) via le bouton ci-dessous :<\/p>\n<p><a href=\"https:\/\/preinscriptions.ecoledirecte.com\/?RNE=0921079Y\" target=\"_blank\" rel=\"noopener\">Cliquez ici<br \/><\/a>\u00a0<\/p>\n<p><strong><em>La demande de pr\u00e9-inscription sera prise en compte apr\u00e8s la validation de ces deux \u00e9tapes.<\/em><\/strong><\/p>\n<h2 style=\"margin-bottom: 15px;\">Paiement impossible ?<\/h2>\n<p>Merci de contacter l&rsquo;administration par e-mail.<\/p>\n<\/details><details id=\"titre-etape\" open=\"open\">\n<summary tabindex=\"-1\" data-accordion-index=\"3\" aria-expanded=\"false\" aria-controls=\"titre-etape\"><strong>\u00c9tape 3 &#8211; Entretien &amp; contact<\/strong><\/summary>\n<p>Au cours de l\u2019ann\u00e9e, et apr\u00e8s \u00e9tude du dossier, une r\u00e9ponse vous sera adress\u00e9e soit pour un entretien, une liste d&rsquo;attente ou un refus.<\/p>\n<details id=\"titre-etape\">\n<p><strong>Contact :<\/strong><br \/>Secr\u00e9tariat Inscription Coll\u00e8ge &amp; Lyc\u00e9e : <a href=\"mailto:fbenlahssen@jacolombes.com\">Mme Fatiha Benlahssen<\/a><br \/>Secr\u00e9tariat Inscription \u00c9cole : <a href=\"mailto:abodlli@jacolombes.com\">Mme Adelina Bodlli<\/a><\/p>\n<\/details><\/details>\n<p><strong>Tarifs 2025-2026<\/strong> :<\/p>\n<p>T\u00e9l\u00e9chargez le document au format pdf.<a href=\"https:\/\/jeanne-darc-colombes.com\/v2\/wp-content\/uploads\/2025\/06\/Tarif-2025-2026.pdf\" target=\"_blank\" rel=\"noopener\"><br \/>Cliquez-ici <\/a><\/p>\n<\/div><\/div>\n\n\n\n<p><\/p>\n","protected":false},"excerpt":{"rendered":"<p>Pr\u00e9-inscriptions 2026-2027 Les demandes de Pr\u00e9-inscription \u00c9cole, Coll\u00e8ge (sauf SEGPA), Lyc\u00e9e (sauf Technologique) sont closes Demande de Pr\u00e9-inscription \u00a0 Rentr\u00e9e septembre 2027 \u00c9cole &#8211; Coll\u00e8ge &#8211; Lyc\u00e9e Ouverture \u00e0 partir du 02 octobre 2026 selon la proc\u00e9dure ci-dessous : \u00c9tape 1 &#8211; Paiement des frais de dossier :\u00a0 Veuillez proc\u00e9der au paiement en ligne des frais de dossier de 50 euros via le bouton ci-dessous avant de poursuivre les d\u00e9marches (le justificatif de paiement vous sera demand\u00e9 \u00e0 l&rsquo;\u00e9tape 2). \u00a0Paiement \u00c9tape 2 &#8211; Pr\u00e9-inscription num\u00e9rique : Faire la pr\u00e9-inscription num\u00e9rique en remplissant le formulaire en ligne en MAJUSCULE (sans accent) via le bouton ci-dessous : Cliquez ici\u00a0 La demande de pr\u00e9-inscription sera prise en compte apr\u00e8s la validation de ces deux \u00e9tapes. Paiement impossible ? Merci de contacter l&rsquo;administration par e-mail. \u00c9tape 3 &#8211; Entretien &amp; contact Au cours de l\u2019ann\u00e9e, et apr\u00e8s \u00e9tude du dossier, une r\u00e9ponse vous sera adress\u00e9e soit pour un entretien, une liste d&rsquo;attente ou un refus. Contact :Secr\u00e9tariat Inscription Coll\u00e8ge &amp; Lyc\u00e9e : Mme Fatiha BenlahssenSecr\u00e9tariat Inscription \u00c9cole : Mme Adelina Bodlli Tarifs 2025-2026 : T\u00e9l\u00e9chargez le document au format pdf.Cliquez-ici<\/p>\n","protected":false},"author":1,"featured_media":0,"parent":0,"menu_order":0,"comment_status":"closed","ping_status":"closed","template":"","meta":{"_eb_attr":"","footnotes":""},"class_list":["post-863","page","type-page","status-publish","hentry","no-thumb"],"_links":{"self":[{"href":"https:\/\/jeanne-darc-colombes.com\/v2\/wp-json\/wp\/v2\/pages\/863","targetHints":{"allow":["GET"]}}],"collection":[{"href":"https:\/\/jeanne-darc-colombes.com\/v2\/wp-json\/wp\/v2\/pages"}],"about":[{"href":"https:\/\/jeanne-darc-colombes.com\/v2\/wp-json\/wp\/v2\/types\/page"}],"author":[{"embeddable":true,"href":"https:\/\/jeanne-darc-colombes.com\/v2\/wp-json\/wp\/v2\/users\/1"}],"replies":[{"embeddable":true,"href":"https:\/\/jeanne-darc-colombes.com\/v2\/wp-json\/wp\/v2\/comments?post=863"}],"version-history":[{"count":132,"href":"https:\/\/jeanne-darc-colombes.com\/v2\/wp-json\/wp\/v2\/pages\/863\/revisions"}],"predecessor-version":[{"id":4026,"href":"https:\/\/jeanne-darc-colombes.com\/v2\/wp-json\/wp\/v2\/pages\/863\/revisions\/4026"}],"wp:attachment":[{"href":"https:\/\/jeanne-darc-colombes.com\/v2\/wp-json\/wp\/v2\/media?parent=863"}],"curies":[{"name":"wp","href":"https:\/\/api.w.org\/{rel}","templated":true}]}}